{"id":20513,"date":"2025-11-21T02:30:19","date_gmt":"2025-11-21T02:30:19","guid":{"rendered":"https:\/\/adramozambique.org\/?page_id=20513"},"modified":"2025-12-12T12:48:44","modified_gmt":"2025-12-12T12:48:44","slug":"publicacao","status":"publish","type":"page","link":"https:\/\/adramozambique.org\/en\/publicacao\/","title":{"rendered":"Publication"},"content":{"rendered":"<div data-elementor-type=\"wp-page\" data-elementor-id=\"20513\" class=\"elementor elementor-20513\" data-elementor-post-type=\"page\">\n\t\t\t\t\t\t<section class=\"elementor-section elementor-top-section elementor-element elementor-element-23e8a51 elementor-section-boxed elementor-section-height-default elementor-section-height-default\" data-id=\"23e8a51\" data-element_type=\"section\" data-e-type=\"section\">\n\t\t\t\t\t\t<div class=\"elementor-container elementor-column-gap-default\">\n\t\t\t\t\t<div class=\"elementor-column elementor-col-100 elementor-top-column elementor-element elementor-element-6eefcaf\" data-id=\"6eefcaf\" data-element_type=\"column\" data-e-type=\"column\">\n\t\t\t<div class=\"elementor-widget-wrap elementor-element-populated\">\n\t\t\t\t\t\t<div class=\"elementor-element elementor-element-8e22830 ee-grid-columns-3 ee-grid-columns-tablet-2 ee-grid-columns-mobile-1 ee-grid-align--stretch ee-grid-halign--left ee-posts-align-top ee-posts-avatar-position-left elementor-widget elementor-widget-posts-extra\" data-id=\"8e22830\" data-element_type=\"widget\" data-e-type=\"widget\" data-settings=\"{&quot;columns&quot;:&quot;3&quot;,&quot;columns_tablet&quot;:&quot;2&quot;,&quot;columns_mobile&quot;:&quot;1&quot;,&quot;classic_layout&quot;:&quot;default&quot;,&quot;classic_grid_columns_spacing&quot;:{&quot;unit&quot;:&quot;px&quot;,&quot;size&quot;:24,&quot;sizes&quot;:[]},&quot;classic_grid_columns_spacing_tablet&quot;:{&quot;unit&quot;:&quot;px&quot;,&quot;size&quot;:12,&quot;sizes&quot;:[]},&quot;classic_grid_columns_spacing_mobile&quot;:{&quot;unit&quot;:&quot;px&quot;,&quot;size&quot;:0,&quot;sizes&quot;:[]}}\" data-widget_type=\"posts-extra.classic\">\n\t\t\t\t<div class=\"elementor-widget-container\">\n\t\t\t\t\t<div class=\"ee-grid ee-loop ee-grid--default\"><div class=\"ee-grid__item--sizer\"><\/div><div class=\"ee-grid__item ee-loop__item\"><article class=\"ee-post post-20463 post type-post status-publish format-standard has-post-thumbnail hentry category-kuvikela\"><a class=\"ee-media ee-post__media\" href=\"https:\/\/adramozambique.org\/en\/agora-consigo-produzir-mais-com-esta-terra-que-consigo-ate-vender\/\"><div class=\"ee-post__media__thumbnail ee-media__thumbnail\"><img fetchpriority=\"high\" decoding=\"async\" width=\"800\" height=\"600\" src=\"https:\/\/adramozambique.org\/wp-content\/uploads\/2025\/06\/PHOTO-2023-08-30-18-22-52-1.jpg\" class=\"attachment-large size-large wp-image-20467\" alt=\"\" srcset=\"https:\/\/adramozambique.org\/wp-content\/uploads\/2025\/06\/PHOTO-2023-08-30-18-22-52-1.jpg 1024w, https:\/\/adramozambique.org\/wp-content\/uploads\/2025\/06\/PHOTO-2023-08-30-18-22-52-1-300x225.jpg 300w, https:\/\/adramozambique.org\/wp-content\/uploads\/2025\/06\/PHOTO-2023-08-30-18-22-52-1-768x576.jpg 768w, https:\/\/adramozambique.org\/wp-content\/uploads\/2025\/06\/PHOTO-2023-08-30-18-22-52-1-16x12.jpg 16w, https:\/\/adramozambique.org\/wp-content\/uploads\/2025\/06\/PHOTO-2023-08-30-18-22-52-1-1000x750.jpg 1000w\" sizes=\"(max-width: 800px) 100vw, 800px\" \/><\/div><div class=\"ee-post__media__overlay ee-media__overlay\"><\/div><\/a><!-- .ee-post__media --><div class=\"ee-post__body ee-post__area\">\t\t<ul class=\"ee-post__terms\">\n\n\t\t\t\n\t\t\t\n\t\t\t\t<li class=\"ee-post__terms__term ee-term ee-term--kuvikela\">\n\t\t\t\t\t<a class=\"ee-post__terms__link ee-term__link\" href=\"https:\/\/adramozambique.org\/en\/category\/kuvikela\/\">\n\t\t\t\t\t\tKuvikela\t\t\t\t\t<\/a><span class=\"ee-post__terms__separator\">-|<\/span>\t\t\t\t<\/li>\n\n\t\t\t\t\t<\/ul>\n\t\t<a href=\"https:\/\/adramozambique.org\/en\/agora-consigo-produzir-mais-com-esta-terra-que-consigo-ate-vender\/\" class=\"ee-post__title\">\n\t\t\t<h3 class=\"ee-post__title__heading\">\".... NOW I CAN PRODUCE MORE WITH THIS LAND THAT I CAN EVEN SELL\"<\/h3>\n\t\t<\/a><div class=\"ee-post__excerpt\">Mery Tembe, 59, lives with her husband and two children and is a member of the Gogoza farming group...<\/div><\/div><!-- .ee-post__body --><div class=\"ee-post__footer ee-post__area\"><div class=\"ee-post__read-more\">\n\t\t\t<a class=\"ee-post__button\" href=\"https:\/\/adramozambique.org\/en\/agora-consigo-produzir-mais-com-esta-terra-que-consigo-ate-vender\/\">\n\t\t\t\tRead more\t\t\t<\/a>\n\t\t<\/div><\/div><!-- .ee-post__footer --><\/article><!-- .ee-post --><\/div><!-- .ee-loop__item --><div class=\"ee-grid__item ee-loop__item\"><article class=\"ee-post post-20339 post type-post status-publish format-standard has-post-thumbnail hentry category-wilipihera\"><a class=\"ee-media ee-post__media\" href=\"https:\/\/adramozambique.org\/en\/realizacoes-do-wilipihera-que-nos-enchem-de-orgulho\/\"><div class=\"ee-post__media__thumbnail ee-media__thumbnail\"><img decoding=\"async\" width=\"800\" height=\"602\" src=\"https:\/\/adramozambique.org\/wp-content\/uploads\/2025\/01\/3-1024x771.jpg\" class=\"attachment-large size-large wp-image-20330\" alt=\"\" srcset=\"https:\/\/adramozambique.org\/wp-content\/uploads\/2025\/01\/3-1024x771.jpg 1024w, https:\/\/adramozambique.org\/wp-content\/uploads\/2025\/01\/3-300x226.jpg 300w, https:\/\/adramozambique.org\/wp-content\/uploads\/2025\/01\/3-768x578.jpg 768w, https:\/\/adramozambique.org\/wp-content\/uploads\/2025\/01\/3-1536x1156.jpg 1536w, https:\/\/adramozambique.org\/wp-content\/uploads\/2025\/01\/3.jpg 1600w\" sizes=\"(max-width: 800px) 100vw, 800px\" \/><\/div><div class=\"ee-post__media__overlay ee-media__overlay\"><\/div><\/a><!-- .ee-post__media --><div class=\"ee-post__body ee-post__area\">\t\t<ul class=\"ee-post__terms\">\n\n\t\t\t\n\t\t\t\n\t\t\t\t<li class=\"ee-post__terms__term ee-term ee-term--wilipihera\">\n\t\t\t\t\t<a class=\"ee-post__terms__link ee-term__link\" href=\"https:\/\/adramozambique.org\/en\/category\/wilipihera\/\">\n\t\t\t\t\t\tWilipihera\t\t\t\t\t<\/a><span class=\"ee-post__terms__separator\">-|<\/span>\t\t\t\t<\/li>\n\n\t\t\t\t\t<\/ul>\n\t\t<a href=\"https:\/\/adramozambique.org\/en\/realizacoes-do-wilipihera-que-nos-enchem-de-orgulho\/\" class=\"ee-post__title\">\n\t\t\t<h3 class=\"ee-post__title__heading\">WILIPIHERA'S ACHIEVEMENTS MAKE US PROUD!<\/h3>\n\t\t<\/a><div class=\"ee-post__excerpt\">WILIPIHERA'S ACHIEVEMENTS THAT MAKE US PROUD! In the light of the Ecosystem-Based Adaptation and Solution-Based approaches...<\/div><\/div><!-- .ee-post__body --><div class=\"ee-post__footer ee-post__area\"><div class=\"ee-post__read-more\">\n\t\t\t<a class=\"ee-post__button\" href=\"https:\/\/adramozambique.org\/en\/realizacoes-do-wilipihera-que-nos-enchem-de-orgulho\/\">\n\t\t\t\tRead more\t\t\t<\/a>\n\t\t<\/div><\/div><!-- .ee-post__footer --><\/article><!-- .ee-post --><\/div><!-- .ee-loop__item --><div class=\"ee-grid__item ee-loop__item\"><article class=\"ee-post post-20327 post type-post status-publish format-standard has-post-thumbnail hentry category-wilipihera\"><a class=\"ee-media ee-post__media\" href=\"https:\/\/adramozambique.org\/en\/membros-da-comunidade-de-namare-unidos-na-conservacao-da-biodiversidade-um-exemplo-de-compromisso-com-a-restauracao-dos-mangais\/\"><div class=\"ee-post__media__thumbnail ee-media__thumbnail\"><img decoding=\"async\" width=\"622\" height=\"466\" src=\"https:\/\/adramozambique.org\/wp-content\/uploads\/2025\/01\/2.jpg\" class=\"attachment-large size-large wp-image-20329\" alt=\"\" srcset=\"https:\/\/adramozambique.org\/wp-content\/uploads\/2025\/01\/2.jpg 622w, https:\/\/adramozambique.org\/wp-content\/uploads\/2025\/01\/2-300x225.jpg 300w\" sizes=\"(max-width: 622px) 100vw, 622px\" \/><\/div><div class=\"ee-post__media__overlay ee-media__overlay\"><\/div><\/a><!-- .ee-post__media --><div class=\"ee-post__body ee-post__area\">\t\t<ul class=\"ee-post__terms\">\n\n\t\t\t\n\t\t\t\n\t\t\t\t<li class=\"ee-post__terms__term ee-term ee-term--wilipihera\">\n\t\t\t\t\t<a class=\"ee-post__terms__link ee-term__link\" href=\"https:\/\/adramozambique.org\/en\/category\/wilipihera\/\">\n\t\t\t\t\t\tWilipihera\t\t\t\t\t<\/a><span class=\"ee-post__terms__separator\">-|<\/span>\t\t\t\t<\/li>\n\n\t\t\t\t\t<\/ul>\n\t\t<a href=\"https:\/\/adramozambique.org\/en\/membros-da-comunidade-de-namare-unidos-na-conservacao-da-biodiversidade-um-exemplo-de-compromisso-com-a-restauracao-dos-mangais\/\" class=\"ee-post__title\">\n\t\t\t<h3 class=\"ee-post__title__heading\">NAMARE COMMUNITY MEMBERS UNITED IN BIODIVERSITY CONSERVATION: AN EXAMPLE OF COMMITMENT TO MANGROVE RESTORATION<\/h3>\n\t\t<\/a><div class=\"ee-post__excerpt\">MEMBERS OF THE NAMARE COMMUNITY UNITED IN THE CONSERVATION OF BIODIVERSITY: AN EXAMPLE OF COMMITMENT TO THE RESTORATION OF THE MANGAIS In...<\/div><\/div><!-- .ee-post__body --><div class=\"ee-post__footer ee-post__area\"><div class=\"ee-post__read-more\">\n\t\t\t<a class=\"ee-post__button\" href=\"https:\/\/adramozambique.org\/en\/membros-da-comunidade-de-namare-unidos-na-conservacao-da-biodiversidade-um-exemplo-de-compromisso-com-a-restauracao-dos-mangais\/\">\n\t\t\t\tRead more\t\t\t<\/a>\n\t\t<\/div><\/div><!-- .ee-post__footer --><\/article><!-- .ee-post --><\/div><!-- .ee-loop__item --><div class=\"ee-grid__item ee-loop__item\"><article class=\"ee-post post-20033 post type-post status-publish format-standard has-post-thumbnail hentry category-wilipihera\"><a class=\"ee-media ee-post__media\" href=\"https:\/\/adramozambique.org\/en\/projecto-wilipihera-recebe-visita-da-blue-action-fund-em-nacala-porto-e-memba-provincia-de-nampula\/\"><div class=\"ee-post__media__thumbnail ee-media__thumbnail\"><img loading=\"lazy\" decoding=\"async\" width=\"800\" height=\"534\" src=\"https:\/\/adramozambique.org\/wp-content\/uploads\/2024\/08\/074A6517-1024x683.jpg\" class=\"attachment-large size-large wp-image-20034\" alt=\"\" srcset=\"https:\/\/adramozambique.org\/wp-content\/uploads\/2024\/08\/074A6517-1024x683.jpg 1024w, https:\/\/adramozambique.org\/wp-content\/uploads\/2024\/08\/074A6517-300x200.jpg 300w, https:\/\/adramozambique.org\/wp-content\/uploads\/2024\/08\/074A6517-768x512.jpg 768w, https:\/\/adramozambique.org\/wp-content\/uploads\/2024\/08\/074A6517-1536x1024.jpg 1536w, https:\/\/adramozambique.org\/wp-content\/uploads\/2024\/08\/074A6517-2048x1365.jpg 2048w, https:\/\/adramozambique.org\/wp-content\/uploads\/2024\/08\/074A6517-2000x1333.jpg 2000w\" sizes=\"(max-width: 800px) 100vw, 800px\" \/><\/div><div class=\"ee-post__media__overlay ee-media__overlay\"><\/div><\/a><!-- .ee-post__media --><div class=\"ee-post__body ee-post__area\">\t\t<ul class=\"ee-post__terms\">\n\n\t\t\t\n\t\t\t\n\t\t\t\t<li class=\"ee-post__terms__term ee-term ee-term--wilipihera\">\n\t\t\t\t\t<a class=\"ee-post__terms__link ee-term__link\" href=\"https:\/\/adramozambique.org\/en\/category\/wilipihera\/\">\n\t\t\t\t\t\tWilipihera\t\t\t\t\t<\/a><span class=\"ee-post__terms__separator\">-|<\/span>\t\t\t\t<\/li>\n\n\t\t\t\t\t<\/ul>\n\t\t<a href=\"https:\/\/adramozambique.org\/en\/projecto-wilipihera-recebe-visita-da-blue-action-fund-em-nacala-porto-e-memba-provincia-de-nampula\/\" class=\"ee-post__title\">\n\t\t\t<h3 class=\"ee-post__title__heading\">Wilipihera Project Receives Donor Visit<\/h3>\n\t\t<\/a><div class=\"ee-post__excerpt\">Between June 10 and 14, the communities of Quissimajulo and Baixo Pinda, in the districts of Nacala-Porto and...<\/div><\/div><!-- .ee-post__body --><div class=\"ee-post__footer ee-post__area\"><div class=\"ee-post__read-more\">\n\t\t\t<a class=\"ee-post__button\" href=\"https:\/\/adramozambique.org\/en\/projecto-wilipihera-recebe-visita-da-blue-action-fund-em-nacala-porto-e-memba-provincia-de-nampula\/\">\n\t\t\t\tRead more\t\t\t<\/a>\n\t\t<\/div><\/div><!-- .ee-post__footer --><\/article><!-- .ee-post --><\/div><!-- .ee-loop__item --><\/div><!-- .ee-loop -->\t\t\t\t<\/div>\n\t\t\t\t<\/div>\n\t\t\t\t\t<\/div>\n\t\t<\/div>\n\t\t\t\t\t<\/div>\n\t\t<\/section>\n\t\t\t\t<\/div>","protected":false},"excerpt":{"rendered":"<p>Kuvikela \u00b7| \u201c&#8230;. AGORA CONSIGO PRODUZIR MAIS COM ESTA TERRA QUE CONSIGO AT\u00c9 VENDER\u201d Mery Tembe de 59 anos, vive com seu marido e 2 filhos \u00e9 participante do grupo de agricultura de Gogoza&hellip; Ler mais Wilipihera \u00b7| REALIZA\u00c7\u00d5ES DO WILIPIHERA QUE NOS ENCHEM DE ORGULHO! REALIZA\u00c7\u00d5ES DO WILIPIHERA QUE NOS ENCHEM DE ORGULHO! \u00c0 [&hellip;]<\/p>\n","protected":false},"author":1,"featured_media":0,"parent":0,"menu_order":0,"comment_status":"closed","ping_status":"closed","template":"","meta":{"footnotes":""},"class_list":["post-20513","page","type-page","status-publish","hentry"],"_links":{"self":[{"href":"https:\/\/adramozambique.org\/en\/wp-json\/wp\/v2\/pages\/20513","targetHints":{"allow":["GET"]}}],"collection":[{"href":"https:\/\/adramozambique.org\/en\/wp-json\/wp\/v2\/pages"}],"about":[{"href":"https:\/\/adramozambique.org\/en\/wp-json\/wp\/v2\/types\/page"}],"author":[{"embeddable":true,"href":"https:\/\/adramozambique.org\/en\/wp-json\/wp\/v2\/users\/1"}],"replies":[{"embeddable":true,"href":"https:\/\/adramozambique.org\/en\/wp-json\/wp\/v2\/comments?post=20513"}],"version-history":[{"count":7,"href":"https:\/\/adramozambique.org\/en\/wp-json\/wp\/v2\/pages\/20513\/revisions"}],"predecessor-version":[{"id":20787,"href":"https:\/\/adramozambique.org\/en\/wp-json\/wp\/v2\/pages\/20513\/revisions\/20787"}],"wp:attachment":[{"href":"https:\/\/adramozambique.org\/en\/wp-json\/wp\/v2\/media?parent=20513"}],"curies":[{"name":"wp","href":"https:\/\/api.w.org\/{rel}","templated":true}]}}